{"id":562,"date":"2025-07-18T13:49:53","date_gmt":"2025-07-18T13:49:53","guid":{"rendered":"https:\/\/marlingcostello.hivelywebsites.com\/preguntas-frecuentes\/"},"modified":"2025-07-30T14:57:12","modified_gmt":"2025-07-30T14:57:12","slug":"preguntas-frecuentes","status":"publish","type":"page","link":"https:\/\/marlingcostello.hivelywebsites.com\/es\/preguntas-frecuentes\/","title":{"rendered":"Preguntas frecuentes"},"content":{"rendered":"\t\t<div data-elementor-type=\"wp-page\" data-elementor-id=\"562\" class=\"elementor elementor-562 elementor-328\" data-elementor-post-type=\"page\">\n\t\t\t\t<div class=\"elementor-element elementor-element-6631346 e-flex e-con-boxed e-con e-parent\" data-id=\"6631346\" data-element_type=\"container\" data-settings=\"{&quot;background_background&quot;:&quot;classic&quot;}\">\n\t\t\t\t\t<div class=\"e-con-inner\">\n\t\t<div class=\"elementor-element elementor-element-9107211 e-con-full e-flex e-con e-child\" data-id=\"9107211\" data-element_type=\"container\">\n\t\t\t\t<div class=\"elementor-element elementor-element-0ad14ff elementor-widget elementor-widget-heading\" data-id=\"0ad14ff\" data-element_type=\"widget\" data-widget_type=\"heading.default\">\n\t\t\t\t<div class=\"elementor-widget-container\">\n\t\t\t\t\t<h1 class=\"elementor-heading-title elementor-size-default\">Preguntas frecuentes<\/h1>\t\t\t\t<\/div>\n\t\t\t\t<\/div>\n\t\t\t\t<\/div>\n\t\t\t\t\t<\/div>\n\t\t\t\t<\/div>\n\t\t<div class=\"elementor-element elementor-element-0e01f28 e-flex e-con-boxed e-con e-parent\" data-id=\"0e01f28\" data-element_type=\"container\">\n\t\t\t\t\t<div class=\"e-con-inner\">\n\t\t\t\t<div class=\"elementor-element elementor-element-831c4df elementor-widget elementor-widget-text-editor\" data-id=\"831c4df\" data-element_type=\"widget\" data-widget_type=\"text-editor.default\">\n\t\t\t\t<div class=\"elementor-widget-container\">\n\t\t\t\t\t\t\t\t\tNavegar por el sistema legal puede resultar abrumador, pero no tiene por qu\u00e9 hacerlo solo. A continuaci\u00f3n, encontrar\u00e1 respuestas a algunas de las preguntas m\u00e1s comunes que recibimos de los clientes sobre sus casos y sobre c\u00f3mo trabajar con nuestro bufete. Si no ve su pregunta aqu\u00ed, no dude en ponerse en contacto con nosotros directamente para una consulta confidencial.\n\t\t\t\t\t\t\t\t<\/div>\n\t\t\t\t<\/div>\n\t\t\t\t\t<\/div>\n\t\t\t\t<\/div>\n\t\t<div class=\"elementor-element elementor-element-c26716f e-flex e-con-boxed e-con e-parent\" data-id=\"c26716f\" data-element_type=\"container\" data-settings=\"{&quot;background_background&quot;:&quot;classic&quot;}\">\n\t\t\t\t\t<div class=\"e-con-inner\">\n\t\t<div class=\"elementor-element elementor-element-aeb7e41 e-con-full e-flex e-con e-child\" data-id=\"aeb7e41\" data-element_type=\"container\">\n\t\t<div class=\"elementor-element elementor-element-39e600a e-con-full e-flex e-con e-child\" data-id=\"39e600a\" data-element_type=\"container\">\n\t\t<div class=\"elementor-element elementor-element-649997e e-con-full e-flex e-con e-child\" data-id=\"649997e\" data-element_type=\"container\">\n\t\t\t\t<div class=\"elementor-element elementor-element-c9b70d2 elementor-invisible elementor-widget elementor-widget-heading\" data-id=\"c9b70d2\" data-element_type=\"widget\" data-settings=\"{&quot;_animation&quot;:&quot;fadeInUp&quot;,&quot;_animation_delay&quot;:500}\" data-widget_type=\"heading.default\">\n\t\t\t\t<div class=\"elementor-widget-container\">\n\t\t\t\t\t<span class=\"elementor-heading-title elementor-size-default\">Preguntas frecuentes<\/span>\t\t\t\t<\/div>\n\t\t\t\t<\/div>\n\t\t\t\t<div class=\"elementor-element elementor-element-32677b3 elementor-invisible elementor-widget elementor-widget-heading\" data-id=\"32677b3\" data-element_type=\"widget\" data-settings=\"{&quot;_animation&quot;:&quot;fadeInUp&quot;,&quot;_animation_delay&quot;:600}\" data-widget_type=\"heading.default\">\n\t\t\t\t<div class=\"elementor-widget-container\">\n\t\t\t\t\t<h2 class=\"elementor-heading-title elementor-size-default\">Preguntas frecuentes<\/h2>\t\t\t\t<\/div>\n\t\t\t\t<\/div>\n\t\t\t\t<div class=\"elementor-element elementor-element-09b5dbe elementor-widget-divider--view-line elementor-invisible elementor-widget elementor-widget-divider\" data-id=\"09b5dbe\" data-element_type=\"widget\" data-settings=\"{&quot;_animation&quot;:&quot;fadeInUp&quot;,&quot;_animation_delay&quot;:700}\" data-widget_type=\"divider.default\">\n\t\t\t\t<div class=\"elementor-widget-container\">\n\t\t\t\t\t\t\t<div class=\"elementor-divider\">\n\t\t\t<span class=\"elementor-divider-separator\">\n\t\t\t\t\t\t<\/span>\n\t\t<\/div>\n\t\t\t\t\t\t<\/div>\n\t\t\t\t<\/div>\n\t\t\t\t<\/div>\n\t\t\t\t<\/div>\n\t\t<div class=\"elementor-element elementor-element-9129ad5 e-con-full e-flex e-con e-child\" data-id=\"9129ad5\" data-element_type=\"container\">\n\t\t\t\t<div class=\"elementor-element elementor-element-27414ab elementor-widget elementor-widget-elementskit-accordion\" data-id=\"27414ab\" data-element_type=\"widget\" data-widget_type=\"elementskit-accordion.default\">\n\t\t\t\t<div class=\"elementor-widget-container\">\n\t\t\t\t\t<div class=\"ekit-wid-con\" >\n        <div class=\"elementskit-accordion accoedion-primary\" id=\"accordion-69d10e97767d7\">\n\n            \n                <div class=\"elementskit-card active\">\n                    <div class=\"elementskit-card-header\" id=\"primaryHeading-0-27414ab\">\n                        <a href=\"#collapse-d3705a569d10e97767d7\" class=\"ekit-accordion--toggler elementskit-btn-link collapsed\" data-ekit-toggle=\"collapse\" data-target=\"#Collapse-d3705a569d10e97767d7\" aria-expanded=\"true\" aria-controls=\"Collapse-d3705a569d10e97767d7\">\n                            \n                            <span class=\"ekit-accordion-title\">1. \u00bfCu\u00e1nto cuesta contratar a un abogado?<\/span>\n\n                            \n                                <div class=\"ekit_accordion_icon_group\">\n                                    <div class=\"ekit_accordion_normal_icon\">\n                                        <!-- Normal Icon -->\n\t\t\t\t\t\t\t\t\t\t<i class=\"icon icon-down-arrow1\"><\/i>                                    <\/div>\n\n                                    <div class=\"ekit_accordion_active_icon\">\n                                        <!-- Active Icon -->\n\t\t\t\t\t\t\t\t\t\t<i class=\"icon icon-up-arrow1\"><\/i>                                    <\/div>\n                                <\/div>\n\n                            \n                                                    <\/a>\n                    <\/div>\n\n                    <div id=\"Collapse-d3705a569d10e97767d7\" class=\" show collapse\" aria-labelledby=\"primaryHeading-0-27414ab\" data-parent=\"#accordion-69d10e97767d7\">\n\n                        <div class=\"elementskit-card-body ekit-accordion--content\">\n                            <p>Nuestra consulta inicial es gratuita. Para los casos de lesiones personales, trabajamos con una tarifa de contingencia, lo que significa que no nos paga a menos que recuperemos dinero para usted. Para asuntos de defensa criminal y derecho de familia, normalmente cobramos una tarifa fija o por hora, dependiendo de la complejidad de su caso.<\/p>\n                        <\/div>\n\n                    <\/div>\n\n                <\/div><!-- .elementskit-card END -->\n\n                \n                <div class=\"elementskit-card \">\n                    <div class=\"elementskit-card-header\" id=\"primaryHeading-1-27414ab\">\n                        <a href=\"#collapse-ad437b069d10e97767d7\" class=\"ekit-accordion--toggler elementskit-btn-link collapsed\" data-ekit-toggle=\"collapse\" data-target=\"#Collapse-ad437b069d10e97767d7\" aria-expanded=\"false\" aria-controls=\"Collapse-ad437b069d10e97767d7\">\n                            \n                            <span class=\"ekit-accordion-title\">2. \u00bfTengo un caso?<\/span>\n\n                            \n                                <div class=\"ekit_accordion_icon_group\">\n                                    <div class=\"ekit_accordion_normal_icon\">\n                                        <!-- Normal Icon -->\n\t\t\t\t\t\t\t\t\t\t<i class=\"icon icon-down-arrow1\"><\/i>                                    <\/div>\n\n                                    <div class=\"ekit_accordion_active_icon\">\n                                        <!-- Active Icon -->\n\t\t\t\t\t\t\t\t\t\t<i class=\"icon icon-up-arrow1\"><\/i>                                    <\/div>\n                                <\/div>\n\n                            \n                                                    <\/a>\n                    <\/div>\n\n                    <div id=\"Collapse-ad437b069d10e97767d7\" class=\" collapse\" aria-labelledby=\"primaryHeading-1-27414ab\" data-parent=\"#accordion-69d10e97767d7\">\n\n                        <div class=\"elementskit-card-body ekit-accordion--content\">\n                            <p>Cada situaci\u00f3n es \u00fanica. Durante su consulta, revisaremos los hechos de su caso y le ayudaremos a comprender sus opciones legales y si tiene una reclamaci\u00f3n o defensa viable.<\/p>\n                        <\/div>\n\n                    <\/div>\n\n                <\/div><!-- .elementskit-card END -->\n\n                \n                <div class=\"elementskit-card \">\n                    <div class=\"elementskit-card-header\" id=\"primaryHeading-2-27414ab\">\n                        <a href=\"#collapse-9c4c4dc69d10e97767d7\" class=\"ekit-accordion--toggler elementskit-btn-link collapsed\" data-ekit-toggle=\"collapse\" data-target=\"#Collapse-9c4c4dc69d10e97767d7\" aria-expanded=\"false\" aria-controls=\"Collapse-9c4c4dc69d10e97767d7\">\n                            \n                            <span class=\"ekit-accordion-title\">3. \u00bfQu\u00e9 debo hacer si me arrestan?<\/span>\n\n                            \n                                <div class=\"ekit_accordion_icon_group\">\n                                    <div class=\"ekit_accordion_normal_icon\">\n                                        <!-- Normal Icon -->\n\t\t\t\t\t\t\t\t\t\t<i class=\"icon icon-down-arrow1\"><\/i>                                    <\/div>\n\n                                    <div class=\"ekit_accordion_active_icon\">\n                                        <!-- Active Icon -->\n\t\t\t\t\t\t\t\t\t\t<i class=\"icon icon-up-arrow1\"><\/i>                                    <\/div>\n                                <\/div>\n\n                            \n                                                    <\/a>\n                    <\/div>\n\n                    <div id=\"Collapse-9c4c4dc69d10e97767d7\" class=\" collapse\" aria-labelledby=\"primaryHeading-2-27414ab\" data-parent=\"#accordion-69d10e97767d7\">\n\n                        <div class=\"elementskit-card-body ekit-accordion--content\">\n                            <p>Mantenga la calma, permanezca en silencio y pida un abogado inmediatamente. No responda a ninguna pregunta de las fuerzas del orden sin la presencia de un abogado. P\u00f3ngase en contacto con nosotros lo antes posible para que podamos proteger sus derechos.<\/p>\n                        <\/div>\n\n                    <\/div>\n\n                <\/div><!-- .elementskit-card END -->\n\n                \n                <div class=\"elementskit-card \">\n                    <div class=\"elementskit-card-header\" id=\"primaryHeading-3-27414ab\">\n                        <a href=\"#collapse-8f4496e69d10e97767d7\" class=\"ekit-accordion--toggler elementskit-btn-link collapsed\" data-ekit-toggle=\"collapse\" data-target=\"#Collapse-8f4496e69d10e97767d7\" aria-expanded=\"false\" aria-controls=\"Collapse-8f4496e69d10e97767d7\">\n                            \n                            <span class=\"ekit-accordion-title\">4. \u00bfCu\u00e1nto tiempo tardar\u00e1 mi caso?<\/span>\n\n                            \n                                <div class=\"ekit_accordion_icon_group\">\n                                    <div class=\"ekit_accordion_normal_icon\">\n                                        <!-- Normal Icon -->\n\t\t\t\t\t\t\t\t\t\t<i class=\"icon icon-down-arrow1\"><\/i>                                    <\/div>\n\n                                    <div class=\"ekit_accordion_active_icon\">\n                                        <!-- Active Icon -->\n\t\t\t\t\t\t\t\t\t\t<i class=\"icon icon-up-arrow1\"><\/i>                                    <\/div>\n                                <\/div>\n\n                            \n                                                    <\/a>\n                    <\/div>\n\n                    <div id=\"Collapse-8f4496e69d10e97767d7\" class=\" collapse\" aria-labelledby=\"primaryHeading-3-27414ab\" data-parent=\"#accordion-69d10e97767d7\">\n\n                        <div class=\"elementskit-card-body ekit-accordion--content\">\n                            <p>El plazo var\u00eda en funci\u00f3n del tipo y la complejidad del caso. Los casos de lesiones personales pueden tardar desde varios meses hasta m\u00e1s de un a\u00f1o, mientras que muchos asuntos de derecho penal y de familia a menudo pueden resolverse m\u00e1s r\u00e1pidamente. Le mantendremos informado en cada paso del camino.<\/p>\n                        <\/div>\n\n                    <\/div>\n\n                <\/div><!-- .elementskit-card END -->\n\n                \n                <div class=\"elementskit-card \">\n                    <div class=\"elementskit-card-header\" id=\"primaryHeading-4-27414ab\">\n                        <a href=\"#collapse-01c94fa69d10e97767d7\" class=\"ekit-accordion--toggler elementskit-btn-link collapsed\" data-ekit-toggle=\"collapse\" data-target=\"#Collapse-01c94fa69d10e97767d7\" aria-expanded=\"false\" aria-controls=\"Collapse-01c94fa69d10e97767d7\">\n                            \n                            <span class=\"ekit-accordion-title\">5. \u00bfQu\u00e9 da\u00f1os puedo recuperar en un caso de lesiones personales?<\/span>\n\n                            \n                                <div class=\"ekit_accordion_icon_group\">\n                                    <div class=\"ekit_accordion_normal_icon\">\n                                        <!-- Normal Icon -->\n\t\t\t\t\t\t\t\t\t\t<i class=\"icon icon-down-arrow1\"><\/i>                                    <\/div>\n\n                                    <div class=\"ekit_accordion_active_icon\">\n                                        <!-- Active Icon -->\n\t\t\t\t\t\t\t\t\t\t<i class=\"icon icon-up-arrow1\"><\/i>                                    <\/div>\n                                <\/div>\n\n                            \n                                                    <\/a>\n                    <\/div>\n\n                    <div id=\"Collapse-01c94fa69d10e97767d7\" class=\" collapse\" aria-labelledby=\"primaryHeading-4-27414ab\" data-parent=\"#accordion-69d10e97767d7\">\n\n                        <div class=\"elementskit-card-body ekit-accordion--content\">\n                            <p>Puede tener derecho a una indemnizaci\u00f3n por gastos m\u00e9dicos, salarios perdidos, dolor y sufrimiento, da\u00f1os a la propiedad y otros costes relacionados. Trabajaremos para maximizar la cantidad que recupere.<\/p>\n                        <\/div>\n\n                    <\/div>\n\n                <\/div><!-- .elementskit-card END -->\n\n                \n                <div class=\"elementskit-card \">\n                    <div class=\"elementskit-card-header\" id=\"primaryHeading-5-27414ab\">\n                        <a href=\"#collapse-1425ca069d10e97767d7\" class=\"ekit-accordion--toggler elementskit-btn-link collapsed\" data-ekit-toggle=\"collapse\" data-target=\"#Collapse-1425ca069d10e97767d7\" aria-expanded=\"false\" aria-controls=\"Collapse-1425ca069d10e97767d7\">\n                            \n                            <span class=\"ekit-accordion-title\">6. \u00bfPuedo recuperar da\u00f1os y perjuicios si fui parcialmente culpable de un accidente?<\/span>\n\n                            \n                                <div class=\"ekit_accordion_icon_group\">\n                                    <div class=\"ekit_accordion_normal_icon\">\n                                        <!-- Normal Icon -->\n\t\t\t\t\t\t\t\t\t\t<i class=\"icon icon-down-arrow1\"><\/i>                                    <\/div>\n\n                                    <div class=\"ekit_accordion_active_icon\">\n                                        <!-- Active Icon -->\n\t\t\t\t\t\t\t\t\t\t<i class=\"icon icon-up-arrow1\"><\/i>                                    <\/div>\n                                <\/div>\n\n                            \n                                                    <\/a>\n                    <\/div>\n\n                    <div id=\"Collapse-1425ca069d10e97767d7\" class=\" collapse\" aria-labelledby=\"primaryHeading-5-27414ab\" data-parent=\"#accordion-69d10e97767d7\">\n\n                        <div class=\"elementskit-card-body ekit-accordion--content\">\n                            <p>En muchos casos, s\u00ed. California sigue una regla de negligencia comparativa, lo que significa que todav\u00eda puede recuperar una compensaci\u00f3n incluso si usted fue parcialmente responsable, aunque su recuperaci\u00f3n puede verse reducida.<\/p>\n                        <\/div>\n\n                    <\/div>\n\n                <\/div><!-- .elementskit-card END -->\n\n                \n                <div class=\"elementskit-card \">\n                    <div class=\"elementskit-card-header\" id=\"primaryHeading-6-27414ab\">\n                        <a href=\"#collapse-1c7246869d10e97767d7\" class=\"ekit-accordion--toggler elementskit-btn-link collapsed\" data-ekit-toggle=\"collapse\" data-target=\"#Collapse-1c7246869d10e97767d7\" aria-expanded=\"false\" aria-controls=\"Collapse-1c7246869d10e97767d7\">\n                            \n                            <span class=\"ekit-accordion-title\">7. \u00bfRealmente necesito un abogado para un cargo por DUI o un cargo criminal?<\/span>\n\n                            \n                                <div class=\"ekit_accordion_icon_group\">\n                                    <div class=\"ekit_accordion_normal_icon\">\n                                        <!-- Normal Icon -->\n\t\t\t\t\t\t\t\t\t\t<i class=\"icon icon-down-arrow1\"><\/i>                                    <\/div>\n\n                                    <div class=\"ekit_accordion_active_icon\">\n                                        <!-- Active Icon -->\n\t\t\t\t\t\t\t\t\t\t<i class=\"icon icon-up-arrow1\"><\/i>                                    <\/div>\n                                <\/div>\n\n                            \n                                                    <\/a>\n                    <\/div>\n\n                    <div id=\"Collapse-1c7246869d10e97767d7\" class=\" collapse\" aria-labelledby=\"primaryHeading-6-27414ab\" data-parent=\"#accordion-69d10e97767d7\">\n\n                        <div class=\"elementskit-card-body ekit-accordion--content\">\n                            <p><span style=\"font-weight: 400\">S\u00ed, un abogado con experiencia a menudo puede negociar cargos reducidos, penas menores o incluso el sobreseimiento, dependiendo de las circunstancias. Intentar manejar los cargos criminales solo le pone en grave riesgo.<\/span><\/p>\n                        <\/div>\n\n                    <\/div>\n\n                <\/div><!-- .elementskit-card END -->\n\n                \n                <div class=\"elementskit-card \">\n                    <div class=\"elementskit-card-header\" id=\"primaryHeading-7-27414ab\">\n                        <a href=\"#collapse-3c3f0ac69d10e97767d7\" class=\"ekit-accordion--toggler elementskit-btn-link collapsed\" data-ekit-toggle=\"collapse\" data-target=\"#Collapse-3c3f0ac69d10e97767d7\" aria-expanded=\"false\" aria-controls=\"Collapse-3c3f0ac69d10e97767d7\">\n                            \n                            <span class=\"ekit-accordion-title\">8. \u00bfC\u00f3mo deciden los tribunales la custodia de los hijos?<\/span>\n\n                            \n                                <div class=\"ekit_accordion_icon_group\">\n                                    <div class=\"ekit_accordion_normal_icon\">\n                                        <!-- Normal Icon -->\n\t\t\t\t\t\t\t\t\t\t<i class=\"icon icon-down-arrow1\"><\/i>                                    <\/div>\n\n                                    <div class=\"ekit_accordion_active_icon\">\n                                        <!-- Active Icon -->\n\t\t\t\t\t\t\t\t\t\t<i class=\"icon icon-up-arrow1\"><\/i>                                    <\/div>\n                                <\/div>\n\n                            \n                                                    <\/a>\n                    <\/div>\n\n                    <div id=\"Collapse-3c3f0ac69d10e97767d7\" class=\" collapse\" aria-labelledby=\"primaryHeading-7-27414ab\" data-parent=\"#accordion-69d10e97767d7\">\n\n                        <div class=\"elementskit-card-body ekit-accordion--content\">\n                            <p><span style=\"font-weight: 400\">Los tribunales de familia toman decisiones basadas en el mejor inter\u00e9s del ni\u00f1o, teniendo en cuenta factores como la estabilidad de los padres, las necesidades del ni\u00f1o y la capacidad de cada padre para proporcionar un entorno seguro. Defendemos sus derechos manteniendo el bienestar de su hijo en primer plano.<\/span><\/p>\n                        <\/div>\n\n                    <\/div>\n\n                <\/div><!-- .elementskit-card END -->\n\n                \n                <div class=\"elementskit-card \">\n                    <div class=\"elementskit-card-header\" id=\"primaryHeading-8-27414ab\">\n                        <a href=\"#collapse-0298c1169d10e97767d7\" class=\"ekit-accordion--toggler elementskit-btn-link collapsed\" data-ekit-toggle=\"collapse\" data-target=\"#Collapse-0298c1169d10e97767d7\" aria-expanded=\"false\" aria-controls=\"Collapse-0298c1169d10e97767d7\">\n                            \n                            <span class=\"ekit-accordion-title\">9. \u00bfQu\u00e9 es una orden de alejamiento y c\u00f3mo puedo obtener una?<\/span>\n\n                            \n                                <div class=\"ekit_accordion_icon_group\">\n                                    <div class=\"ekit_accordion_normal_icon\">\n                                        <!-- Normal Icon -->\n\t\t\t\t\t\t\t\t\t\t<i class=\"icon icon-down-arrow1\"><\/i>                                    <\/div>\n\n                                    <div class=\"ekit_accordion_active_icon\">\n                                        <!-- Active Icon -->\n\t\t\t\t\t\t\t\t\t\t<i class=\"icon icon-up-arrow1\"><\/i>                                    <\/div>\n                                <\/div>\n\n                            \n                                                    <\/a>\n                    <\/div>\n\n                    <div id=\"Collapse-0298c1169d10e97767d7\" class=\" collapse\" aria-labelledby=\"primaryHeading-8-27414ab\" data-parent=\"#accordion-69d10e97767d7\">\n\n                        <div class=\"elementskit-card-body ekit-accordion--content\">\n                            <p><span style=\"font-weight: 400\">Una orden de alejamiento es una orden judicial dise\u00f1ada para protegerle del acoso, el abuso o las amenazas. Podemos guiarle a trav\u00e9s del proceso de obtenci\u00f3n o impugnaci\u00f3n de una orden de alejamiento de forma r\u00e1pida y eficaz.<\/span><\/p>\n                        <\/div>\n\n                    <\/div>\n\n                <\/div><!-- .elementskit-card END -->\n\n                \n                <div class=\"elementskit-card \">\n                    <div class=\"elementskit-card-header\" id=\"primaryHeading-9-27414ab\">\n                        <a href=\"#collapse-943a03369d10e97767d7\" class=\"ekit-accordion--toggler elementskit-btn-link collapsed\" data-ekit-toggle=\"collapse\" data-target=\"#Collapse-943a03369d10e97767d7\" aria-expanded=\"false\" aria-controls=\"Collapse-943a03369d10e97767d7\">\n                            \n                            <span class=\"ekit-accordion-title\">10. \u00bfQu\u00e9 debo llevar a mi primera consulta?<\/span>\n\n                            \n                                <div class=\"ekit_accordion_icon_group\">\n                                    <div class=\"ekit_accordion_normal_icon\">\n                                        <!-- Normal Icon -->\n\t\t\t\t\t\t\t\t\t\t<i class=\"icon icon-down-arrow1\"><\/i>                                    <\/div>\n\n                                    <div class=\"ekit_accordion_active_icon\">\n                                        <!-- Active Icon -->\n\t\t\t\t\t\t\t\t\t\t<i class=\"icon icon-up-arrow1\"><\/i>                                    <\/div>\n                                <\/div>\n\n                            \n                                                    <\/a>\n                    <\/div>\n\n                    <div id=\"Collapse-943a03369d10e97767d7\" class=\" collapse\" aria-labelledby=\"primaryHeading-9-27414ab\" data-parent=\"#accordion-69d10e97767d7\">\n\n                        <div class=\"elementskit-card-body ekit-accordion--content\">\n                            <p><span style=\"font-weight: 400\">Traiga cualquier documento relacionado con su caso, como informes policiales, historiales m\u00e9dicos, correspondencia y documentos judiciales. Cuanta m\u00e1s informaci\u00f3n tengamos de antemano, mejor podremos asesorarle.<\/span><\/p>\n                        <\/div>\n\n                    <\/div>\n\n                <\/div><!-- .elementskit-card END -->\n\n                                        <\/div>\n    <\/div>\t\t\t\t<\/div>\n\t\t\t\t<\/div>\n\t\t\t\t<\/div>\n\t\t\t\t<\/div>\n\t\t\t\t\t<\/div>\n\t\t\t\t<\/div>\n\t\t\t\t<\/div>\n\t\t","protected":false},"excerpt":{"rendered":"<p>Preguntas frecuentes Navegar por el sistema legal puede resultar abrumador, pero no tiene por qu\u00e9 hacerlo solo. A continuaci\u00f3n, encontrar\u00e1 respuestas a algunas de las preguntas m\u00e1s comunes que recibimos de los clientes sobre sus casos y sobre c\u00f3mo trabajar con nuestro bufete. Si no ve su pregunta aqu\u00ed, no dude en ponerse en contacto [&hellip;]<\/p>\n","protected":false},"author":1,"featured_media":0,"parent":0,"menu_order":0,"comment_status":"closed","ping_status":"closed","template":"elementor_header_footer","meta":{"footnotes":""},"class_list":["post-562","page","type-page","status-publish","hentry"],"_links":{"self":[{"href":"https:\/\/marlingcostello.hivelywebsites.com\/es\/wp-json\/wp\/v2\/pages\/562","targetHints":{"allow":["GET"]}}],"collection":[{"href":"https:\/\/marlingcostello.hivelywebsites.com\/es\/wp-json\/wp\/v2\/pages"}],"about":[{"href":"https:\/\/marlingcostello.hivelywebsites.com\/es\/wp-json\/wp\/v2\/types\/page"}],"author":[{"embeddable":true,"href":"https:\/\/marlingcostello.hivelywebsites.com\/es\/wp-json\/wp\/v2\/users\/1"}],"replies":[{"embeddable":true,"href":"https:\/\/marlingcostello.hivelywebsites.com\/es\/wp-json\/wp\/v2\/comments?post=562"}],"version-history":[{"count":1,"href":"https:\/\/marlingcostello.hivelywebsites.com\/es\/wp-json\/wp\/v2\/pages\/562\/revisions"}],"predecessor-version":[{"id":563,"href":"https:\/\/marlingcostello.hivelywebsites.com\/es\/wp-json\/wp\/v2\/pages\/562\/revisions\/563"}],"wp:attachment":[{"href":"https:\/\/marlingcostello.hivelywebsites.com\/es\/wp-json\/wp\/v2\/media?parent=562"}],"curies":[{"name":"wp","href":"https:\/\/api.w.org\/{rel}","templated":true}]}}